{"id":169,"date":"2026-03-02T20:59:24","date_gmt":"2026-03-02T20:59:24","guid":{"rendered":"https:\/\/harleyadventuretours.co.za\/?page_id=169"},"modified":"2026-03-19T13:37:08","modified_gmt":"2026-03-19T13:37:08","slug":"touren","status":"publish","type":"page","link":"https:\/\/harleyadventuretours.co.za\/?page_id=169","title":{"rendered":"Touren"},"content":{"rendered":"<section class=\"bde-section-169-114 bde-section\">\n  \n  \n\t\n\n\n\n<div class=\"section-container\"><div class=\"bde-div-169-115 bde-div\">\n              \n  \n  \n\t\n\n  <div class=\"section-background-overlay\"><\/div>\n\n\n<h1 class=\"bde-dual-heading-169-117 bde-dual-heading\">\n\n\n            <span data-style=\"primary\" class=\"dual-heading--primary  \">Unsere Touren<\/span>\n\n\n\n<\/h1>\n<\/div><\/div>\n<\/section><section class=\"bde-section-169-285 bde-section\">\n  \n  \n\t\n\n\n\n<div class=\"section-container\"><div class=\"bde-text-169-290 bde-text\">\nDu m\u00f6chtest S\u00fcdafrika auf deine ganz pers\u00f6nliche Art erleben?<br>Kein Problem. Neben unseren festen Reiseterminen bieten wir auch individuell geplante Harley-Touren an. Route, Dauer, Unterk\u00fcnfte und Aktivit\u00e4ten stimmen wir gemeinsam mit dir ab \u2013 ganz nach deinen Vorstellungen.<br><br>Ob private Gruppe oder exklusives Abenteuer mit Freunden:<br>Wir gestalten deine ma\u00dfgeschneiderte Motorradreise durch S\u00fcdafrika.<br><br>Bitte beachte, dass einige Aktivit\u00e4ten wetterabh\u00e4ngig sind und daher nicht jederzeit garantiert werden k\u00f6nnen. Zudem bewegen wir uns in der freien Natur \u2013 Tierbeobachtungen sind ein besonderes Highlight, jedoch nicht planbar und keinesfalls \u201eauf Knopfdruck\u201c verf\u00fcgbar.<br>\n<\/div><div class=\"bde-post-list-169-289 bde-post-list\"><div class=\"bde-loop bde-loop-grid ee-posts ee-posts-grid\">    <article class=\"bde-loop-item ee-post\">\n                                <a class=\"bde-loop-item__image-link ee-post-image-link bde-loop-item__image-top ee-posts-image-top\" href=\"https:\/\/harleyadventuretours.co.za\/?p=37\" aria-label=\"Tour 1\">\n                <div class=\"bde-loop-item__image ee-post-image\">\n                    <img loading=\"lazy\" decoding=\"async\" width=\"928\" height=\"745\" src=\"https:\/\/harleyadventuretours.co.za\/wp-content\/uploads\/2026\/02\/IMG-20241206-WA0021.jpg\" class=\"attachment-full size-full wp-post-image\" alt=\"\" srcset=\"https:\/\/harleyadventuretours.co.za\/wp-content\/uploads\/2026\/02\/IMG-20241206-WA0021.jpg 928w, https:\/\/harleyadventuretours.co.za\/wp-content\/uploads\/2026\/02\/IMG-20241206-WA0021-300x241.jpg 300w, https:\/\/harleyadventuretours.co.za\/wp-content\/uploads\/2026\/02\/IMG-20241206-WA0021-768x617.jpg 768w\" sizes=\"auto, (max-width: 928px) 100vw, 928px\" \/>                <\/div>\n            <\/a>\n        \n        \n        <div class=\"bde-loop-item__wrap ee-post-wrap\">\n            \n                            <h3 class=\"ee-post-title\">\n                    <a class=\"bde-loop-item__title-link ee-post-title-link\" href=\"https:\/\/harleyadventuretours.co.za\/?p=37\" >\n                        Tour 1                    <\/a>\n                <\/h3>\n                            <div class=\"bde-loop-item__post-meta ee-post-meta\">\n                                                                                <span class=\"bde-loop-item__meta-date bde-loop-item__meta-item ee-post-meta-date ee-post-meta-item\">\n                                    Februar 12, 2026                                <\/span>\n                                                \n                <\/div>\n                            <div class=\"bde-loop-item__content ee-post-content\">\n                    Tag 1 \u2013 Willkommen in S\u00fcdafrika Ankunft am Flughafen Johannesburg (O.R. Tambo).Transfer zur Unterkunft, Kennenlernen der Motorr\u00e4der und erstes gemeinsames Abendessen.Das Abenteuer beginnt. Tag 2 \u2013 Wildlife hautnah Ca. 50&hellip;                <\/div>\n            \n    \n                        \n                        \n    \n    \n    \n    \n            \n                    \n            \n            \n\n    \n    \n    \n    \n    \n    <a class=\"breakdance-link button-atom button-atom--text bde-loop-item__button ee-post-button\" href=\"https:\/\/harleyadventuretours.co.za\/?p=37\" target=\"_self\" data-type=\"\"  >\n\n    \n        <span class=\"button-atom__text\">mehr erfahren<\/span>\n\n        \n        \n                <\/a>\n\n    \n\n\n\n\n            \n        <\/div>\n\n    <\/article>\n\n    <article class=\"bde-loop-item ee-post\">\n                                <a class=\"bde-loop-item__image-link ee-post-image-link bde-loop-item__image-top ee-posts-image-top\" href=\"https:\/\/harleyadventuretours.co.za\/?p=154\" aria-label=\"Tour 2\">\n                <div class=\"bde-loop-item__image ee-post-image\">\n                    <img loading=\"lazy\" decoding=\"async\" width=\"1329\" height=\"778\" src=\"https:\/\/harleyadventuretours.co.za\/wp-content\/uploads\/2026\/03\/Tour-2-.jpg\" class=\"attachment-full size-full wp-post-image\" alt=\"\" srcset=\"https:\/\/harleyadventuretours.co.za\/wp-content\/uploads\/2026\/03\/Tour-2-.jpg 1329w, https:\/\/harleyadventuretours.co.za\/wp-content\/uploads\/2026\/03\/Tour-2--300x176.jpg 300w, https:\/\/harleyadventuretours.co.za\/wp-content\/uploads\/2026\/03\/Tour-2--768x450.jpg 768w, https:\/\/harleyadventuretours.co.za\/wp-content\/uploads\/2026\/03\/Tour-2--1024x599.jpg 1024w\" sizes=\"auto, (max-width: 1329px) 100vw, 1329px\" \/>                <\/div>\n            <\/a>\n        \n        \n        <div class=\"bde-loop-item__wrap ee-post-wrap\">\n            \n                            <h3 class=\"ee-post-title\">\n                    <a class=\"bde-loop-item__title-link ee-post-title-link\" href=\"https:\/\/harleyadventuretours.co.za\/?p=154\" >\n                        Tour 2                    <\/a>\n                <\/h3>\n                            <div class=\"bde-loop-item__post-meta ee-post-meta\">\n                                                                                <span class=\"bde-loop-item__meta-date bde-loop-item__meta-item ee-post-meta-date ee-post-meta-item\">\n                                    M\u00e4rz 2, 2026                                <\/span>\n                                                \n                <\/div>\n                            <div class=\"bde-loop-item__content ee-post-content\">\n                    Tag 1 \u2013 Ankunft in Johannesburg Ankunft am&nbsp;O.R. Tambo Flughafen in Johannesburg.Abholung und Transfer zur Unterkunft. Anschlie\u00dfend Kennenlernen der Harleys und gemeinsamer Start in das Abenteuer. Tag 2 \u2013 Wildlife&hellip;                <\/div>\n            \n    \n                        \n                        \n    \n    \n    \n    \n            \n                    \n            \n            \n\n    \n    \n    \n    \n    \n    <a class=\"breakdance-link button-atom button-atom--text bde-loop-item__button ee-post-button\" href=\"https:\/\/harleyadventuretours.co.za\/?p=154\" target=\"_self\" data-type=\"\"  >\n\n    \n        <span class=\"button-atom__text\">mehr erfahren<\/span>\n\n        \n        \n                <\/a>\n\n    \n\n\n\n\n            \n        <\/div>\n\n    <\/article>\n\n    <article class=\"bde-loop-item ee-post\">\n                                <a class=\"bde-loop-item__image-link ee-post-image-link bde-loop-item__image-top ee-posts-image-top\" href=\"https:\/\/harleyadventuretours.co.za\/?p=244\" aria-label=\"Tour 3\">\n                <div class=\"bde-loop-item__image ee-post-image\">\n                    <img loading=\"lazy\" decoding=\"async\" width=\"1167\" height=\"784\" src=\"https:\/\/harleyadventuretours.co.za\/wp-content\/uploads\/2026\/03\/IMG-20260224-WA0010.jpg\" class=\"attachment-full size-full wp-post-image\" alt=\"\" srcset=\"https:\/\/harleyadventuretours.co.za\/wp-content\/uploads\/2026\/03\/IMG-20260224-WA0010.jpg 1167w, https:\/\/harleyadventuretours.co.za\/wp-content\/uploads\/2026\/03\/IMG-20260224-WA0010-300x202.jpg 300w, https:\/\/harleyadventuretours.co.za\/wp-content\/uploads\/2026\/03\/IMG-20260224-WA0010-768x516.jpg 768w, https:\/\/harleyadventuretours.co.za\/wp-content\/uploads\/2026\/03\/IMG-20260224-WA0010-1024x688.jpg 1024w\" sizes=\"auto, (max-width: 1167px) 100vw, 1167px\" \/>                <\/div>\n            <\/a>\n        \n        \n        <div class=\"bde-loop-item__wrap ee-post-wrap\">\n            \n                            <h3 class=\"ee-post-title\">\n                    <a class=\"bde-loop-item__title-link ee-post-title-link\" href=\"https:\/\/harleyadventuretours.co.za\/?p=244\" >\n                        Tour 3                    <\/a>\n                <\/h3>\n                            <div class=\"bde-loop-item__post-meta ee-post-meta\">\n                                                                                <span class=\"bde-loop-item__meta-date bde-loop-item__meta-item ee-post-meta-date ee-post-meta-item\">\n                                    M\u00e4rz 2, 2026                                <\/span>\n                                                \n                <\/div>\n                            <div class=\"bde-loop-item__content ee-post-content\">\n                    3 Wochen Tour &#8211; Bilder und Infos folgen.                <\/div>\n            \n    \n                        \n                        \n    \n    \n    \n    \n            \n                    \n            \n            \n\n    \n    \n    \n    \n    \n    <a class=\"breakdance-link button-atom button-atom--text bde-loop-item__button ee-post-button\" href=\"https:\/\/harleyadventuretours.co.za\/?p=244\" target=\"_self\" data-type=\"\"  >\n\n    \n        <span class=\"button-atom__text\">mehr erfahren<\/span>\n\n        \n        \n                <\/a>\n\n    \n\n\n\n\n            \n        <\/div>\n\n    <\/article>\n\n<\/div><\/div><\/div>\n<\/section>","protected":false},"excerpt":{"rendered":"","protected":false},"author":1,"featured_media":0,"parent":0,"menu_order":0,"comment_status":"closed","ping_status":"closed","template":"","meta":{"_breakdance_hide_in_design_set":false,"_breakdance_tags":"","footnotes":""},"class_list":["post-169","page","type-page","status-publish","hentry"],"_links":{"self":[{"href":"https:\/\/harleyadventuretours.co.za\/index.php?rest_route=\/wp\/v2\/pages\/169","targetHints":{"allow":["GET"]}}],"collection":[{"href":"https:\/\/harleyadventuretours.co.za\/index.php?rest_route=\/wp\/v2\/pages"}],"about":[{"href":"https:\/\/harleyadventuretours.co.za\/index.php?rest_route=\/wp\/v2\/types\/page"}],"author":[{"embeddable":true,"href":"https:\/\/harleyadventuretours.co.za\/index.php?rest_route=\/wp\/v2\/users\/1"}],"replies":[{"embeddable":true,"href":"https:\/\/harleyadventuretours.co.za\/index.php?rest_route=%2Fwp%2Fv2%2Fcomments&post=169"}],"version-history":[{"count":11,"href":"https:\/\/harleyadventuretours.co.za\/index.php?rest_route=\/wp\/v2\/pages\/169\/revisions"}],"predecessor-version":[{"id":405,"href":"https:\/\/harleyadventuretours.co.za\/index.php?rest_route=\/wp\/v2\/pages\/169\/revisions\/405"}],"wp:attachment":[{"href":"https:\/\/harleyadventuretours.co.za\/index.php?rest_route=%2Fwp%2Fv2%2Fmedia&parent=169"}],"curies":[{"name":"wp","href":"https:\/\/api.w.org\/{rel}","templated":true}]}}