{"id":29,"date":"2026-02-12T09:12:17","date_gmt":"2026-02-12T09:12:17","guid":{"rendered":"https:\/\/harleyadventuretours.co.za\/?page_id=29"},"modified":"2026-03-16T13:47:38","modified_gmt":"2026-03-16T13:47:38","slug":"harleys","status":"publish","type":"page","link":"https:\/\/harleyadventuretours.co.za\/?page_id=29","title":{"rendered":"Harleys"},"content":{"rendered":"<section class=\"bde-section-29-114 bde-section\">\n  \n  \n\t\n\n\n\n<div class=\"section-container\"><div class=\"bde-div-29-115 bde-div\">\n              \n  \n  \n\t\n\n  <div class=\"section-background-overlay\"><\/div>\n\n\n<h1 class=\"bde-dual-heading-29-117 bde-dual-heading\">\n\n\n            <span data-style=\"primary\" class=\"dual-heading--primary  \">Unsere Flotte<\/span>\n\n\n\n<\/h1>\n<\/div><\/div>\n<\/section><section class=\"bde-section-29-118 bde-section\">\n  \n  \n\t\n\n\n\n<div class=\"section-container\"><div class=\"bde-columns-29-119 bde-columns\"><div class=\"bde-column-29-120 bde-column\">\n  \n  \n\t\n\n\n\n<div class=\"bde-gallery-29-291 bde-gallery\">\n\n\n  \n\n\n\n\n\n\n\n\n\n\n<div class=\"ee-gallery ee-gallery--default ee-gallery--grid ee-gallery--single ee-gallery--lightbox ee-gallery-- ee-gallery--caption- ee-gallery--caption-none ee-gallery--ratio\">\n                  \n      <a class=\"ee-gallery-item ee-gallery-item--image ee-gallery-item--single\" href=\"https:\/\/harleyadventuretours.co.za\/wp-content\/uploads\/2026\/02\/bike1-2.jpg\"  data-sub-html=\"<span><\/span>\" data-category=\"1\"                  data-lg-size=\"1707-1317\"\n\n      >\n        <figure class=\"ee-gallery-item-figure\">\n                        <img decoding=\"async\" class=\"breakdance-image-object\" src=\"https:\/\/harleyadventuretours.co.za\/wp-content\/uploads\/2026\/02\/bike1-2.jpg\" width=\"1707\" height=\"1317\" srcset=\"https:\/\/harleyadventuretours.co.za\/wp-content\/uploads\/2026\/02\/bike1-2.jpg 1707w, https:\/\/harleyadventuretours.co.za\/wp-content\/uploads\/2026\/02\/bike1-2-300x231.jpg 300w, https:\/\/harleyadventuretours.co.za\/wp-content\/uploads\/2026\/02\/bike1-2-1024x790.jpg 1024w, https:\/\/harleyadventuretours.co.za\/wp-content\/uploads\/2026\/02\/bike1-2-768x593.jpg 768w, https:\/\/harleyadventuretours.co.za\/wp-content\/uploads\/2026\/02\/bike1-2-1536x1185.jpg 1536w\" sizes=\"auto, (max-width: 1707px) 100vw, 1707px\" loading=\"lazy\">\n          \n                  <\/figure>\n      <\/a>\n\n      \n  <\/div>\n\n\n\n<\/div>\n<\/div><div class=\"bde-column-29-122 bde-column\">\n  \n  \n\t\n\n\n\n<h2 class=\"bde-dual-heading-29-124 bde-dual-heading\">\n\n\n            <span data-style=\"primary\" class=\"dual-heading--primary  \">Harley Dyna Wide Glide<\/span>\n\n\n\n<\/h2><div class=\"bde-text-29-313 bde-text\">\n103 cubic inch \n<\/div>\n<\/div><\/div><div class=\"bde-fancy-divider-29-134 bde-fancy-divider\">\n\n\n<div class=\"bde-fancy-divider__wrapper\">\n  <div class=\"bde-fancy-divider__separator   \">\n  \t  <\/div>\n<\/div>\n\n<\/div><div class=\"bde-columns-29-255 bde-columns\"><div class=\"bde-column-29-256 bde-column\">\n  \n  \n\t\n\n\n\n<div class=\"bde-gallery-29-292 bde-gallery\">\n\n\n  \n\n\n\n\n\n\n\n\n\n\n<div class=\"ee-gallery ee-gallery--default ee-gallery--grid ee-gallery--single ee-gallery--lightbox ee-gallery-- ee-gallery--caption- ee-gallery--caption-none ee-gallery--ratio\">\n                  \n      <a class=\"ee-gallery-item ee-gallery-item--image ee-gallery-item--single\" href=\"https:\/\/harleyadventuretours.co.za\/wp-content\/uploads\/2026\/02\/bike2-1.jpg\"  data-sub-html=\"<span><\/span>\" data-category=\"1\"                  data-lg-size=\"1707-1317\"\n\n      >\n        <figure class=\"ee-gallery-item-figure\">\n                        <img decoding=\"async\" class=\"breakdance-image-object\" src=\"https:\/\/harleyadventuretours.co.za\/wp-content\/uploads\/2026\/02\/bike2-1.jpg\" width=\"1707\" height=\"1317\" srcset=\"https:\/\/harleyadventuretours.co.za\/wp-content\/uploads\/2026\/02\/bike2-1.jpg 1707w, https:\/\/harleyadventuretours.co.za\/wp-content\/uploads\/2026\/02\/bike2-1-300x231.jpg 300w, https:\/\/harleyadventuretours.co.za\/wp-content\/uploads\/2026\/02\/bike2-1-1024x790.jpg 1024w, https:\/\/harleyadventuretours.co.za\/wp-content\/uploads\/2026\/02\/bike2-1-768x593.jpg 768w, https:\/\/harleyadventuretours.co.za\/wp-content\/uploads\/2026\/02\/bike2-1-1536x1185.jpg 1536w\" sizes=\"auto, (max-width: 1707px) 100vw, 1707px\" loading=\"lazy\">\n          \n                  <\/figure>\n      <\/a>\n\n      \n  <\/div>\n\n\n\n<\/div>\n<\/div><div class=\"bde-column-29-258 bde-column\">\n  \n  \n\t\n\n\n\n<h2 class=\"bde-dual-heading-29-259 bde-dual-heading\">\n\n\n            <span data-style=\"primary\" class=\"dual-heading--primary  \">Harley Sportster<\/span>\n\n\n\n<\/h2><div class=\"bde-text-29-312 bde-text\">\n74 cubic inch \n<\/div>\n<\/div><\/div><div class=\"bde-fancy-divider-29-150 bde-fancy-divider\">\n\n\n<div class=\"bde-fancy-divider__wrapper\">\n  <div class=\"bde-fancy-divider__separator   \">\n  \t  <\/div>\n<\/div>\n\n<\/div><div class=\"bde-columns-29-261 bde-columns\"><div class=\"bde-column-29-262 bde-column\">\n  \n  \n\t\n\n\n\n<div class=\"bde-gallery-29-293 bde-gallery\">\n\n\n  \n\n\n\n\n\n\n\n\n\n\n<div class=\"ee-gallery ee-gallery--default ee-gallery--grid ee-gallery--single ee-gallery--lightbox ee-gallery-- ee-gallery--caption- ee-gallery--caption-none ee-gallery--ratio\">\n                  \n      <a class=\"ee-gallery-item ee-gallery-item--image ee-gallery-item--single\" href=\"https:\/\/harleyadventuretours.co.za\/wp-content\/uploads\/2026\/02\/bike3-1.jpg\"  data-sub-html=\"<span><\/span>\" data-category=\"1\"                  data-lg-size=\"1707-1317\"\n\n      >\n        <figure class=\"ee-gallery-item-figure\">\n                        <img decoding=\"async\" class=\"breakdance-image-object\" src=\"https:\/\/harleyadventuretours.co.za\/wp-content\/uploads\/2026\/02\/bike3-1.jpg\" width=\"1707\" height=\"1317\" srcset=\"https:\/\/harleyadventuretours.co.za\/wp-content\/uploads\/2026\/02\/bike3-1.jpg 1707w, https:\/\/harleyadventuretours.co.za\/wp-content\/uploads\/2026\/02\/bike3-1-300x231.jpg 300w, https:\/\/harleyadventuretours.co.za\/wp-content\/uploads\/2026\/02\/bike3-1-1024x790.jpg 1024w, https:\/\/harleyadventuretours.co.za\/wp-content\/uploads\/2026\/02\/bike3-1-768x593.jpg 768w, https:\/\/harleyadventuretours.co.za\/wp-content\/uploads\/2026\/02\/bike3-1-1536x1185.jpg 1536w\" sizes=\"auto, (max-width: 1707px) 100vw, 1707px\" loading=\"lazy\">\n          \n                  <\/figure>\n      <\/a>\n\n      \n  <\/div>\n\n\n\n<\/div>\n<\/div><div class=\"bde-column-29-264 bde-column\">\n  \n  \n\t\n\n\n\n<h2 class=\"bde-dual-heading-29-265 bde-dual-heading\">\n\n\n            <span data-style=\"primary\" class=\"dual-heading--primary  \">Harley Dyna Wide Glide<\/span>\n\n\n\n<\/h2><div class=\"bde-text-29-311 bde-text\">\n96 cubic inch \n<\/div>\n<\/div><\/div><div class=\"bde-fancy-divider-29-166 bde-fancy-divider\">\n\n\n<div class=\"bde-fancy-divider__wrapper\">\n  <div class=\"bde-fancy-divider__separator   \">\n  \t  <\/div>\n<\/div>\n\n<\/div><div class=\"bde-columns-29-267 bde-columns\"><div class=\"bde-column-29-268 bde-column\">\n  \n  \n\t\n\n\n\n<div class=\"bde-gallery-29-294 bde-gallery\">\n\n\n  \n\n\n\n\n\n\n\n\n\n\n<div class=\"ee-gallery ee-gallery--default ee-gallery--grid ee-gallery--single ee-gallery--lightbox ee-gallery-- ee-gallery--caption- ee-gallery--caption-none ee-gallery--ratio\">\n                  \n      <a class=\"ee-gallery-item ee-gallery-item--image ee-gallery-item--single\" href=\"https:\/\/harleyadventuretours.co.za\/wp-content\/uploads\/2026\/02\/bike4-1.jpg\"  data-sub-html=\"<span><\/span>\" data-category=\"1\"                  data-lg-size=\"1707-1317\"\n\n      >\n        <figure class=\"ee-gallery-item-figure\">\n                        <img decoding=\"async\" class=\"breakdance-image-object\" src=\"https:\/\/harleyadventuretours.co.za\/wp-content\/uploads\/2026\/02\/bike4-1.jpg\" width=\"1707\" height=\"1317\" srcset=\"https:\/\/harleyadventuretours.co.za\/wp-content\/uploads\/2026\/02\/bike4-1.jpg 1707w, https:\/\/harleyadventuretours.co.za\/wp-content\/uploads\/2026\/02\/bike4-1-300x231.jpg 300w, https:\/\/harleyadventuretours.co.za\/wp-content\/uploads\/2026\/02\/bike4-1-1024x790.jpg 1024w, https:\/\/harleyadventuretours.co.za\/wp-content\/uploads\/2026\/02\/bike4-1-768x593.jpg 768w, https:\/\/harleyadventuretours.co.za\/wp-content\/uploads\/2026\/02\/bike4-1-1536x1185.jpg 1536w\" sizes=\"auto, (max-width: 1707px) 100vw, 1707px\" loading=\"lazy\">\n          \n                  <\/figure>\n      <\/a>\n\n      \n  <\/div>\n\n\n\n<\/div>\n<\/div><div class=\"bde-column-29-270 bde-column\">\n  \n  \n\t\n\n\n\n<h2 class=\"bde-dual-heading-29-271 bde-dual-heading\">\n\n\n            <span data-style=\"primary\" class=\"dual-heading--primary  \">Harley Dyna Fat Bob<\/span>\n\n\n\n<\/h2><div class=\"bde-text-29-309 bde-text\">\n103 cubic inch \n<\/div>\n<\/div><\/div><div class=\"bde-fancy-divider-29-182 bde-fancy-divider\">\n\n\n<div class=\"bde-fancy-divider__wrapper\">\n  <div class=\"bde-fancy-divider__separator   \">\n  \t  <\/div>\n<\/div>\n\n<\/div><div class=\"bde-columns-29-273 bde-columns\"><div class=\"bde-column-29-274 bde-column\">\n  \n  \n\t\n\n\n\n<div class=\"bde-gallery-29-295 bde-gallery\">\n\n\n  \n\n\n\n\n\n\n\n\n\n\n<div class=\"ee-gallery ee-gallery--default ee-gallery--grid ee-gallery--single ee-gallery--lightbox ee-gallery-- ee-gallery--caption- ee-gallery--caption-none ee-gallery--ratio\">\n                  \n      <a class=\"ee-gallery-item ee-gallery-item--image ee-gallery-item--single\" href=\"https:\/\/harleyadventuretours.co.za\/wp-content\/uploads\/2026\/02\/bike5.jpg\"  data-sub-html=\"<span><\/span>\" data-category=\"1\"                  data-lg-size=\"1707-1317\"\n\n      >\n        <figure class=\"ee-gallery-item-figure\">\n                        <img decoding=\"async\" class=\"breakdance-image-object\" src=\"https:\/\/harleyadventuretours.co.za\/wp-content\/uploads\/2026\/02\/bike5.jpg\" width=\"1707\" height=\"1317\" srcset=\"https:\/\/harleyadventuretours.co.za\/wp-content\/uploads\/2026\/02\/bike5.jpg 1707w, https:\/\/harleyadventuretours.co.za\/wp-content\/uploads\/2026\/02\/bike5-300x231.jpg 300w, https:\/\/harleyadventuretours.co.za\/wp-content\/uploads\/2026\/02\/bike5-1024x790.jpg 1024w, https:\/\/harleyadventuretours.co.za\/wp-content\/uploads\/2026\/02\/bike5-768x593.jpg 768w, https:\/\/harleyadventuretours.co.za\/wp-content\/uploads\/2026\/02\/bike5-1536x1185.jpg 1536w\" sizes=\"auto, (max-width: 1707px) 100vw, 1707px\" loading=\"lazy\">\n          \n                  <\/figure>\n      <\/a>\n\n      \n  <\/div>\n\n\n\n<\/div>\n<\/div><div class=\"bde-column-29-276 bde-column\">\n  \n  \n\t\n\n\n\n<h2 class=\"bde-dual-heading-29-277 bde-dual-heading\">\n\n\n            <span data-style=\"primary\" class=\"dual-heading--primary  \">Harley Dyna Street Bob<\/span>\n\n\n\n<\/h2><div class=\"bde-text-29-310 bde-text\">\n103 cubic inch \n<\/div>\n<\/div><\/div><div class=\"bde-fancy-divider-29-198 bde-fancy-divider\">\n\n\n<div class=\"bde-fancy-divider__wrapper\">\n  <div class=\"bde-fancy-divider__separator   \">\n  \t  <\/div>\n<\/div>\n\n<\/div><div class=\"bde-columns-29-279 bde-columns\"><div class=\"bde-column-29-280 bde-column\">\n  \n  \n\t\n\n\n\n<div class=\"bde-gallery-29-296 bde-gallery\">\n\n\n  \n\n\n\n\n\n\n\n\n\n\n<div class=\"ee-gallery ee-gallery--default ee-gallery--grid ee-gallery--single ee-gallery--lightbox ee-gallery-- ee-gallery--caption- ee-gallery--caption-none ee-gallery--ratio\">\n                  \n      <a class=\"ee-gallery-item ee-gallery-item--image ee-gallery-item--single\" href=\"https:\/\/harleyadventuretours.co.za\/wp-content\/uploads\/2026\/02\/bike6.jpg\"  data-sub-html=\"<span><\/span>\" data-category=\"1\"                  data-lg-size=\"1707-1317\"\n\n      >\n        <figure class=\"ee-gallery-item-figure\">\n                        <img decoding=\"async\" class=\"breakdance-image-object\" src=\"https:\/\/harleyadventuretours.co.za\/wp-content\/uploads\/2026\/02\/bike6.jpg\" width=\"1707\" height=\"1317\" srcset=\"https:\/\/harleyadventuretours.co.za\/wp-content\/uploads\/2026\/02\/bike6.jpg 1707w, https:\/\/harleyadventuretours.co.za\/wp-content\/uploads\/2026\/02\/bike6-300x231.jpg 300w, https:\/\/harleyadventuretours.co.za\/wp-content\/uploads\/2026\/02\/bike6-1024x790.jpg 1024w, https:\/\/harleyadventuretours.co.za\/wp-content\/uploads\/2026\/02\/bike6-768x593.jpg 768w, https:\/\/harleyadventuretours.co.za\/wp-content\/uploads\/2026\/02\/bike6-1536x1185.jpg 1536w\" sizes=\"auto, (max-width: 1707px) 100vw, 1707px\" loading=\"lazy\">\n          \n                  <\/figure>\n      <\/a>\n\n      \n  <\/div>\n\n\n\n<\/div>\n<\/div><div class=\"bde-column-29-282 bde-column\">\n  \n  \n\t\n\n\n\n<h2 class=\"bde-dual-heading-29-283 bde-dual-heading\">\n\n\n            <span data-style=\"primary\" class=\"dual-heading--primary  \">Harley Dyna Street Bob<\/span>\n\n\n\n<\/h2><div class=\"bde-text-29-308 bde-text\">\n103 cubic inch \n<\/div>\n<\/div><\/div><div class=\"bde-fancy-divider-29-285 bde-fancy-divider\">\n\n\n<div class=\"bde-fancy-divider__wrapper\">\n  <div class=\"bde-fancy-divider__separator   \">\n  \t  <\/div>\n<\/div>\n\n<\/div><div class=\"bde-columns-29-286 bde-columns\"><div class=\"bde-column-29-287 bde-column\">\n  \n  \n\t\n\n\n\n<div class=\"bde-gallery-29-297 bde-gallery\">\n\n\n  \n\n\n\n\n\n\n\n\n\n\n<div class=\"ee-gallery ee-gallery--default ee-gallery--grid ee-gallery--single ee-gallery--lightbox ee-gallery-- ee-gallery--caption- ee-gallery--caption-none ee-gallery--ratio\">\n                  \n      <a class=\"ee-gallery-item ee-gallery-item--image ee-gallery-item--single\" href=\"https:\/\/harleyadventuretours.co.za\/wp-content\/uploads\/2026\/03\/bike7.jpg\"  data-sub-html=\"<span><\/span>\" data-category=\"1\"                  data-lg-size=\"1707-1317\"\n\n      >\n        <figure class=\"ee-gallery-item-figure\">\n                        <img decoding=\"async\" class=\"breakdance-image-object\" src=\"https:\/\/harleyadventuretours.co.za\/wp-content\/uploads\/2026\/03\/bike7.jpg\" width=\"1707\" height=\"1317\" srcset=\"https:\/\/harleyadventuretours.co.za\/wp-content\/uploads\/2026\/03\/bike7.jpg 1707w, https:\/\/harleyadventuretours.co.za\/wp-content\/uploads\/2026\/03\/bike7-300x231.jpg 300w, https:\/\/harleyadventuretours.co.za\/wp-content\/uploads\/2026\/03\/bike7-1024x790.jpg 1024w, https:\/\/harleyadventuretours.co.za\/wp-content\/uploads\/2026\/03\/bike7-768x593.jpg 768w, https:\/\/harleyadventuretours.co.za\/wp-content\/uploads\/2026\/03\/bike7-1536x1185.jpg 1536w\" sizes=\"auto, (max-width: 1707px) 100vw, 1707px\" loading=\"lazy\">\n          \n                  <\/figure>\n      <\/a>\n\n      \n  <\/div>\n\n\n\n<\/div>\n<\/div><div class=\"bde-column-29-289 bde-column\">\n  \n  \n\t\n\n\n\n<h2 class=\"bde-dual-heading-29-290 bde-dual-heading\">\n\n\n            <span data-style=\"primary\" class=\"dual-heading--primary  \">Harley Dyna Super Glide<\/span>\n\n\n\n<\/h2><div class=\"bde-text-29-307 bde-text\">\n96 cubic inch \n<\/div>\n<\/div><\/div><div class=\"bde-fancy-divider-29-298 bde-fancy-divider\">\n\n\n<div class=\"bde-fancy-divider__wrapper\">\n  <div class=\"bde-fancy-divider__separator   \">\n  \t  <\/div>\n<\/div>\n\n<\/div><div class=\"bde-columns-29-299 bde-columns\"><div class=\"bde-column-29-300 bde-column\">\n  \n  \n\t\n\n\n\n<div class=\"bde-gallery-29-301 bde-gallery\">\n\n\n  \n\n\n\n\n\n\n\n\n\n\n<div class=\"ee-gallery ee-gallery--default ee-gallery--grid ee-gallery--single ee-gallery--lightbox ee-gallery-- ee-gallery--caption- ee-gallery--caption-none ee-gallery--ratio\">\n                  \n      <a class=\"ee-gallery-item ee-gallery-item--image ee-gallery-item--single\" href=\"https:\/\/harleyadventuretours.co.za\/wp-content\/uploads\/2026\/03\/WhatsApp-Image-2026-03-06-at-15.46.45.jpeg\"  data-sub-html=\"<span><\/span>\" data-category=\"1\"                  data-lg-size=\"1280-960\"\n\n      >\n        <figure class=\"ee-gallery-item-figure\">\n                        <img decoding=\"async\" class=\"breakdance-image-object\" src=\"https:\/\/harleyadventuretours.co.za\/wp-content\/uploads\/2026\/03\/WhatsApp-Image-2026-03-06-at-15.46.45.jpeg\" width=\"1280\" height=\"960\" srcset=\"https:\/\/harleyadventuretours.co.za\/wp-content\/uploads\/2026\/03\/WhatsApp-Image-2026-03-06-at-15.46.45.jpeg 1280w, https:\/\/harleyadventuretours.co.za\/wp-content\/uploads\/2026\/03\/WhatsApp-Image-2026-03-06-at-15.46.45-300x225.jpeg 300w, https:\/\/harleyadventuretours.co.za\/wp-content\/uploads\/2026\/03\/WhatsApp-Image-2026-03-06-at-15.46.45-1024x768.jpeg 1024w, https:\/\/harleyadventuretours.co.za\/wp-content\/uploads\/2026\/03\/WhatsApp-Image-2026-03-06-at-15.46.45-768x576.jpeg 768w\" sizes=\"auto, (max-width: 1280px) 100vw, 1280px\" loading=\"lazy\">\n          \n                  <\/figure>\n      <\/a>\n\n      \n  <\/div>\n\n\n\n<\/div>\n<\/div><div class=\"bde-column-29-302 bde-column\">\n  \n  \n\t\n\n\n\n<h2 class=\"bde-dual-heading-29-303 bde-dual-heading\">\n\n\n            <span data-style=\"primary\" class=\"dual-heading--primary  \">Ford Ranger <\/span>\n\n\n\n<\/h2><div class=\"bde-text-29-306 bde-text\">\nFord Ranger 3.2 L 4x4 als Begleitfahrzeug f\u00fcr Gep\u00e4cktransport. Mit Anh\u00e4nger f\u00fcr eine Reserve-Harley. Ideal auch f\u00fcr G\u00e4ste, die zwischendurch eine Fahrpause einlegen m\u00f6chten.\n<\/div>\n<\/div><\/div><\/div>\n<\/section>","protected":false},"excerpt":{"rendered":"<p>Unsere Flotte Harley Dyna Wide Glide 103 cubic inch Harley Sportster 74 cubic inch Harley Dyna Wide Glide 96 cubic inch Harley Dyna Fat Bob 103 cubic inch Harley Dyna Street Bob 103 cubic inch Harley Dyna Street Bob 103 cubic inch Harley Dyna Super Glide 96 cubic inch Ford Ranger Ford Ranger 3.2 L [&hellip;]<\/p>\n","protected":false},"author":1,"featured_media":0,"parent":0,"menu_order":0,"comment_status":"closed","ping_status":"closed","template":"","meta":{"_breakdance_hide_in_design_set":false,"_breakdance_tags":"","footnotes":""},"class_list":["post-29","page","type-page","status-publish","hentry"],"_links":{"self":[{"href":"https:\/\/harleyadventuretours.co.za\/index.php?rest_route=\/wp\/v2\/pages\/29","targetHints":{"allow":["GET"]}}],"collection":[{"href":"https:\/\/harleyadventuretours.co.za\/index.php?rest_route=\/wp\/v2\/pages"}],"about":[{"href":"https:\/\/harleyadventuretours.co.za\/index.php?rest_route=\/wp\/v2\/types\/page"}],"author":[{"embeddable":true,"href":"https:\/\/harleyadventuretours.co.za\/index.php?rest_route=\/wp\/v2\/users\/1"}],"replies":[{"embeddable":true,"href":"https:\/\/harleyadventuretours.co.za\/index.php?rest_route=%2Fwp%2Fv2%2Fcomments&post=29"}],"version-history":[{"count":17,"href":"https:\/\/harleyadventuretours.co.za\/index.php?rest_route=\/wp\/v2\/pages\/29\/revisions"}],"predecessor-version":[{"id":379,"href":"https:\/\/harleyadventuretours.co.za\/index.php?rest_route=\/wp\/v2\/pages\/29\/revisions\/379"}],"wp:attachment":[{"href":"https:\/\/harleyadventuretours.co.za\/index.php?rest_route=%2Fwp%2Fv2%2Fmedia&parent=29"}],"curies":[{"name":"wp","href":"https:\/\/api.w.org\/{rel}","templated":true}]}}