{"id":77,"date":"2026-02-26T16:19:51","date_gmt":"2026-02-26T16:19:51","guid":{"rendered":"https:\/\/harleyadventuretours.co.za\/?page_id=77"},"modified":"2026-03-16T18:19:08","modified_gmt":"2026-03-16T18:19:08","slug":"team","status":"publish","type":"page","link":"https:\/\/harleyadventuretours.co.za\/?page_id=77","title":{"rendered":"Team"},"content":{"rendered":"<section class=\"bde-section-77-114 bde-section\">\n  \n  \n\t\n\n\n\n<div class=\"section-container\"><div class=\"bde-div-77-115 bde-div\">\n              \n  \n  \n\t\n\n  <div class=\"section-background-overlay\"><\/div>\n\n\n<h1 class=\"bde-dual-heading-77-117 bde-dual-heading\">\n\n\n            <span data-style=\"primary\" class=\"dual-heading--primary  \">Das Team<\/span>\n\n\n\n<\/h1>\n<\/div><\/div>\n<\/section><section class=\"bde-section-77-118 bde-section\">\n  \n  \n\t\n\n\n\n<div class=\"section-container\"><div class=\"bde-columns-77-119 bde-columns\"><div class=\"bde-column-77-120 bde-column\">\n  \n  \n\t\n\n\n\n<img decoding=\"async\" class=\"bde-image2-77-121 bde-image2\" src=\"https:\/\/harleyadventuretours.co.za\/wp-content\/uploads\/2026\/02\/WhatsApp-Image-2026-02-26-at-17.29.17.jpeg\" loading=\"lazy\" srcset=\"https:\/\/harleyadventuretours.co.za\/wp-content\/uploads\/2026\/02\/WhatsApp-Image-2026-02-26-at-17.29.17.jpeg 1024w, https:\/\/harleyadventuretours.co.za\/wp-content\/uploads\/2026\/02\/WhatsApp-Image-2026-02-26-at-17.29.17-200x300.jpeg 200w, https:\/\/harleyadventuretours.co.za\/wp-content\/uploads\/2026\/02\/WhatsApp-Image-2026-02-26-at-17.29.17-683x1024.jpeg 683w, https:\/\/harleyadventuretours.co.za\/wp-content\/uploads\/2026\/02\/WhatsApp-Image-2026-02-26-at-17.29.17-768x1152.jpeg 768w\" sizes=\"(max-width: 1024px) 100vw, 1024px\">\n<\/div><div class=\"bde-column-77-122 bde-column\">\n  \n  \n\t\n\n\n\n<h2 class=\"bde-dual-heading-77-124 bde-dual-heading\">\n\n\n            <span data-style=\"primary\" class=\"dual-heading--primary  \">Norbert<\/span>\n\n\n\n<\/h2><div class=\"bde-text-77-125 bde-text\">\nNorbert f\u00e4hrt Harley seit 1981 \u2013 aus \u00dcberzeugung und mit echter Leidenschaft.<br>25 Jahre lang hat er in S\u00fcdafrika gelebt und kennt das Land nicht nur als Tourist, sondern aus erster Hand.<br>Er kennt die sch\u00f6nsten Strecken, die versteckten Aussichtspunkte, die besonderen Unterk\u00fcnfte und die Momente, die eine Reise unvergesslich machen.<br>Heute organisiert und begleitet er Harley-Touren durch S\u00fcdafrika \u2013 pers\u00f6nlich, erfahren und mit einem feinen Gesp\u00fcr f\u00fcr das perfekte Abenteuer.<br><br>Kontakt f\u00fcr Englisch und Deutsch:<br>\n<\/div><a class=\"bde-container-link-77-286 bde-container-link breakdance-link\" href=\"mailto:norbert@harleyadventuretours.co.za\" target=\"_self\" data-type=\"url\">\n  \n  \n\t\n\n\n\n<div class=\"bde-text-77-287 bde-text\">\nnorbert@harleyadventuretours.co.za\n<\/div>\n\n<\/a>\n<\/div><\/div><div class=\"bde-fancy-divider-77-134 bde-fancy-divider\">\n\n\n<div class=\"bde-fancy-divider__wrapper\">\n  <div class=\"bde-fancy-divider__separator   \">\n  \t  <\/div>\n<\/div>\n\n<\/div><div class=\"bde-columns-77-255 bde-columns\"><div class=\"bde-column-77-256 bde-column\">\n  \n  \n\t\n\n\n\n<img decoding=\"async\" class=\"bde-image2-77-257 bde-image2\" src=\"https:\/\/harleyadventuretours.co.za\/wp-content\/uploads\/2026\/02\/WhatsApp-Image-2026-02-25-at-08.51.03.jpeg\" loading=\"lazy\" srcset=\"https:\/\/harleyadventuretours.co.za\/wp-content\/uploads\/2026\/02\/WhatsApp-Image-2026-02-25-at-08.51.03.jpeg 1024w, https:\/\/harleyadventuretours.co.za\/wp-content\/uploads\/2026\/02\/WhatsApp-Image-2026-02-25-at-08.51.03-200x300.jpeg 200w, https:\/\/harleyadventuretours.co.za\/wp-content\/uploads\/2026\/02\/WhatsApp-Image-2026-02-25-at-08.51.03-683x1024.jpeg 683w, https:\/\/harleyadventuretours.co.za\/wp-content\/uploads\/2026\/02\/WhatsApp-Image-2026-02-25-at-08.51.03-768x1152.jpeg 768w\" sizes=\"(max-width: 1024px) 100vw, 1024px\">\n<\/div><div class=\"bde-column-77-258 bde-column\">\n  \n  \n\t\n\n\n\n<h2 class=\"bde-dual-heading-77-259 bde-dual-heading\">\n\n\n            <span data-style=\"primary\" class=\"dual-heading--primary  \">Diane<\/span>\n\n\n\n<\/h2><div class=\"bde-text-77-285 bde-text\">\nDiane lebt ihre Leidenschaft f\u00fcrs Reisen mit offenem Herzen und einem Blick f\u00fcr das Besondere. F\u00fcr sie sind es Menschen, Begegnungen und Momente, die eine Reise unvergesslich machen.<br>Mit Kreativit\u00e4t und Organisationstalent plant sie jede Tour mit Sorgfalt und Feingef\u00fchl. Natur, Abenteuer und echte Verbindungen pr\u00e4gen ihre Arbeit.<br>Gemeinsam mit Norbert entwickelt sie Harley Adventure Tours authentisch, pers\u00f6nlich und mit viel Leidenschaft weiter.<br><br>Kontakt f\u00fcr Englisch und Afrikaans:<br>\n<\/div><a class=\"bde-container-link-77-288 bde-container-link breakdance-link\" href=\"mailto:diane@harleyadventuretours.co.za\" target=\"_self\" data-type=\"url\">\n  \n  \n\t\n\n\n\n<div class=\"bde-text-77-289 bde-text\">\ndiane@harleyadventuretours.co.za\n<\/div>\n\n<\/a>\n<\/div><\/div><div class=\"bde-fancy-divider-77-150 bde-fancy-divider\">\n\n\n<div class=\"bde-fancy-divider__wrapper\">\n  <div class=\"bde-fancy-divider__separator   \">\n  \t  <\/div>\n<\/div>\n\n<\/div><\/div>\n<\/section>","protected":false},"excerpt":{"rendered":"<p>Das Team Norbert Norbert f\u00e4hrt Harley seit 1981 \u2013 aus \u00dcberzeugung und mit echter Leidenschaft.25 Jahre lang hat er in S\u00fcdafrika gelebt und kennt das Land nicht nur als Tourist, sondern aus erster Hand.Er kennt die sch\u00f6nsten Strecken, die versteckten Aussichtspunkte, die besonderen Unterk\u00fcnfte und die Momente, die eine Reise unvergesslich machen.Heute organisiert und begleitet [&hellip;]<\/p>\n","protected":false},"author":1,"featured_media":0,"parent":0,"menu_order":0,"comment_status":"closed","ping_status":"closed","template":"","meta":{"_breakdance_hide_in_design_set":false,"_breakdance_tags":"","footnotes":""},"class_list":["post-77","page","type-page","status-publish","hentry"],"_links":{"self":[{"href":"https:\/\/harleyadventuretours.co.za\/index.php?rest_route=\/wp\/v2\/pages\/77","targetHints":{"allow":["GET"]}}],"collection":[{"href":"https:\/\/harleyadventuretours.co.za\/index.php?rest_route=\/wp\/v2\/pages"}],"about":[{"href":"https:\/\/harleyadventuretours.co.za\/index.php?rest_route=\/wp\/v2\/types\/page"}],"author":[{"embeddable":true,"href":"https:\/\/harleyadventuretours.co.za\/index.php?rest_route=\/wp\/v2\/users\/1"}],"replies":[{"embeddable":true,"href":"https:\/\/harleyadventuretours.co.za\/index.php?rest_route=%2Fwp%2Fv2%2Fcomments&post=77"}],"version-history":[{"count":19,"href":"https:\/\/harleyadventuretours.co.za\/index.php?rest_route=\/wp\/v2\/pages\/77\/revisions"}],"predecessor-version":[{"id":390,"href":"https:\/\/harleyadventuretours.co.za\/index.php?rest_route=\/wp\/v2\/pages\/77\/revisions\/390"}],"wp:attachment":[{"href":"https:\/\/harleyadventuretours.co.za\/index.php?rest_route=%2Fwp%2Fv2%2Fmedia&parent=77"}],"curies":[{"name":"wp","href":"https:\/\/api.w.org\/{rel}","templated":true}]}}